{"id":514,"date":"2022-01-11T14:26:24","date_gmt":"2022-01-11T14:26:24","guid":{"rendered":"https:\/\/idconference.eu\/?page_id=514"},"modified":"2024-05-07T12:39:42","modified_gmt":"2024-05-07T12:39:42","slug":"eventidtrack","status":"publish","type":"page","link":"https:\/\/idconference.eu\/sl\/eventidtrack\/","title":{"rendered":"EventIDtrack"},"content":{"rendered":"<section id=\"main\">\r\n<div class=\"container\">\r\n<div class=\"main-content\">\r\n<p class=\"cta\">EventIDtrack<\/p>\r\n\r\n<div class=\"description\">Brezhibna registracija udele\u017eencev<\/div>\r\n<\/div>\r\n<\/div>\r\n<div class=\"arrow triangle-down\"><\/div>\r\n<\/section><section id=\"solution\">\r\n<div class=\"container\">\r\n<div class=\"container-inner\">\r\n<div class=\"row solution-description\">\r\n<div class=\"col-md-4 text-center\">\r\n\r\n<img decoding=\"async\" src=\"https:\/\/idconference.eu\/wp-content\/uploads\/api-icon-01.png\" alt=\"\" style=\"height:100px\"\/>\r\n<div>\r\n<p class=\"title\">Brez zamud pri registraciji in kontrolnih to\u010dkah<\/p>\r\n\r\n<\/div>\r\n<\/div>\r\n<div class=\"col-md-4 text-center\">\r\n\r\n<img decoding=\"async\" src=\"https:\/\/idconference.eu\/wp-content\/uploads\/api-icon-02.png\" alt=\"\" style=\"height:100px\"\/>\r\n<div>\r\n<p class=\"title\">Spremljanje gibanja udele\u017eencev v realnem \u010dasu<\/p>\r\n\r\n<\/div>\r\n<\/div>\r\n<div class=\"col-md-4 text-center\">\r\n\r\n<img decoding=\"async\" src=\"https:\/\/idconference.eu\/wp-content\/uploads\/api-icon-03.png\" alt=\"\" style=\"height:100px\"\/>\r\n<div>\r\n<p class=\"title\">Natan\u010dno poro\u010danje in analiza dinamike gibanja udele\u017eencev<\/p>\r\n\r\n<\/div>\r\n<\/div>\r\n<\/div>\r\n<\/div>\r\n<\/div>\r\n<div class=\"triangle-down\"><\/div>\r\n<\/section>\r\n\r\n<section class=\"solution-description\">\r\n<div class=\"container\">\r\n<h3 class=\"container-inner\" style=\"text-align: center;\">Znebite se zastojev pri bele\u017eenju prehodov. Za zagotovljen in nemoten pretok udele\u017eencev lahko uporabite mobilno aplikacijo, ro\u010dne terminale ali RFID UHF stolpe.<\/h3>\r\n<\/div>\r\n<\/section>\r\n\r\n<section class=\"solution-description\">\r\n<div class=\"container\">\r\n<div class=\"container-inner\">\r\n\r\nZakaj priporo\u010damo bele\u017eenje gibanja in prisotnosti udele\u017eencev:\r\n<ul>\r\n \t<li>Vpogled v uspe\u0161nost predavanj in govorcev<\/li>\r\n \t<li>Segmentacija in avtomatizirana komunikacija<\/li>\r\n\t<li>Podrobnej\u0161a poro\u010dila o udele\u017ebi<\/li>\r\n \t<li>Covid-19 &#8211; Obve\u0161\u010danje o mo\u017eni izpostavljenosti stika<\/li>\r\n<\/ul>\r\n\r\n\r\n<span>EventIDtrack je\u00a0&#8220;pametna&#8221;\u00a0oprema za\u00a0registracijo, spremljanje in bele\u017eenje gibanja udele\u017eencev na dogodku.\r\nSestavljajo jo mobilna aplikacija in razli\u010dni \u010ditalci. Za manj\u0161e dogodke, lahko uporabljate na\u0161o mobilno aplikacijo na lastnem mobilnem telefonu ali si sposodite ro\u010dni terminal. Oboje je primerno za registracijo, skeniranje vstopnic in izdajo akreditacij ter spremljanje gibanja udele\u017eencev po prostorih na dogodku. Za pregled in spremljanje udele\u017eencev (hitrost, izogibanje zastojem) na ve\u010djih dogodkih oziroma za spremljanje prostorov kjer je ve\u010dja fluktuacija\/obiskanost pa priporo\u010damo inovativne RFID UHF stolpe, saj ni potrebnega osebnega kontakta s hosteso. Stolp avtomati\u010dno zazna akreditacijo udele\u017eenca ob prehodu. <\/span>\r\n<p>Z EventIDtrack lahko dose\u017eete\u00a0spremljanje in bele\u017eenje gibanja udele\u017eencev (pregled v realnem \u010dasu)\u00a0brez\u00a0ali z ni\u017ejimi stro\u0161ki za hostese,\u00a0upravljate vhode v dolo\u010dene dvorane znotraj prizori\u0161\u010da ali povezane dogodke, kot so gala ve\u010derje, sprejemi itd. Prav tako lahko izmerite \u010das, ki ga udele\u017eenci pre\u017eivijo v dvoranah\u00a0in pridobite zanesljiva in podrobna poro\u010dila za vsakega posameznega udele\u017eenca, va\u0161 program in priljubljenost govorcev. Za zagotovljen in nemoten pretok udele\u017eencev nudimo tudi konferen\u010dne ovratne trakove in akreditacije ter druge prakti\u010dne pripomo\u010dke.<\/p>\r\n\r\n<p>\r\nLahko se pove\u017ee z\u00a0va\u0161o\u00a0SW re\u0161itvijo\u00a0(prek povezav API) ali sistemom\u00a0EventIDmat\u00a0za osnovno segmentacijo kontaktov ter avtomatsko in prilagojeno e-po\u0161to z udele\u017eenci pred, med in po dogodku. Imeli boste tudi podrobne in zanesljive informacije o vsakem udele\u017eencu in njegovem gibanju po dogodku, zaradi \u010desar bo obve\u0161\u010danje vseh udele\u017eencev o mo\u017eni izpostavljenosti virusu Covid-19 veliko la\u017eje in hitrej\u0161e.\r\n<\/p>\r\n<\/div>\r\n<div class=\"container-inner\">\r\n<h4>Kako delujejo RFID UHF stolpi?<\/h4>\r\n<p>RFID UHF stolp sledi in bele\u017ei akreditacijo prek ultravisoke frekvence (UHF). \u010ce uporabljate EventID in EventIDtrack v kombinaciji, se vsi podatki, pridobljeni iz spletne prijavnice, shranijo v cloud, s katerim UHF stolp nadzoruje prehode in shranjuje podatke za kon\u010dna poro\u010dila (na podlagi akreditacije). \r\n<p>RFID UHF \u010ditalci (stolpi) so samostojne enote (IoT), ki lahko delujejo online ali offline in takoj ko se jih priklopi na splet po\u0161ljejo podatke v spletno aplikacijo EventID. Vsi podatki, pridobljeni iz spletne prijavnice so shranjeni v spletni aplikaciji s katero RFID UHF stolp redno komunicira v kolikor imate dostop do interneta. Na ta na\u010din se lahko v realnem \u010dasu spreminjajo dovoljenja posameznega udele\u017eenca kot seveda tudi spremlja prisotnost, vsi zbrani podatki pa so potem na voljo za izdelavo kon\u010dnih poro\u010dil.<\/p>\r\n<div class=\"container-inner\"style=\"text-align:center\">\r\n<img decoding=\"async\" src=\"\/wp-content\/uploads\/about-05.png\" \/><\/div>\r\n<\/div>\r\n<\/div>\r\n<\/section>\r\n\r\n<section class=\"solution-description\">\r\n<div class=\"container\">\r\n<div class=\"container-inner\">\r\n<div>\r\n<h4>Pridobivanje kontaktov (angl. Lead retrieval)<\/h4>\r\n<p>Pridobivanje kontaktov je postopek, ki se uporablja na sejmih in dogodkih za zbiranje informacij o potencialnih kontaktih oz. strankah. Z na\u0161o re\u0161itvijo za pridobivanje kontaktov s pomo\u010djo mobilnega telefona, lahko svoj proces zbiranja kontaktov udele\u017eence dogodka povzdignete na vi\u0161ji nivo.<\/p>\r\n<p>Kaj razstavljalci\/organizatorji dogodkov pridobijo z na\u0161o re\u0161itvijo?\r\n<ul>\r\n \t<li>Zajem klju\u010dnih kontaktnih podatkov: Zbiranje klju\u010dnih kontaktnih podatkov udele\u017eencev dogodka na preprost na\u010din. Ni ve\u010d potrebe po ro\u010dnem vnosu podatkov v CRM ali druga orodja \u2013 mi poskrbimo za to.<\/li>\r\n \t<li>Bele\u017eenje posebnih interesov: Re\u0161itev omogo\u010da tudi, da si posameznik lahko zabele\u017ei posebnosti potencialne stranke, kot so razli\u010dni interesi\/potrebe, kaj je naslednji korak, izgled novih kontaktov, itd. S tem omogo\u010damo pomo\u010d pri prilagoditvi tr\u017eenjske in prodajne strategije za najve\u010dji u\u010dinek.<\/li>\r\n \t<li>Maksimizacija uspeha po dogodku: S sistemom za pridobivanje kontaktov je omog\u010deno la\u017eje sledenje dogajanju po dogodku. Na voljo so vsi potrebni podatki, za preoblikovanje kontaktov v kupce\/dobavitelje\/partnerje.<\/li>\r\n<\/ul>\r\n<div class=\"container-inner\"style=\"text-align:center\">\r\n\t<p class=\"cta-main\">\r\n\t\t\t\t\t\t<iframe loading=\"lazy\" width=\"720\" height=\"405\" src=\"https:\/\/www.youtube.com\/embed\/kQVjrkPQU2k\" title=\"IDConference - Lead Retrieval\" frameborder=\"0\" allow=\"accelerometer; autoplay; clipboard-write; encrypted-media; gyroscope; picture-in-picture\" allowfullscreen><\/iframe>\r\n\t\t\t\t\t\t<\/p>\r\n\t\t\t\t\t\t<\/div>\r\n<\/div>\r\n<h4>Mobilna aplikacija<\/h4>\r\n<p>Mobilna aplikacija je zanesljiva re\u0161itev za prijavo, hitro registracijo, orodje za sledenje gibanja udele\u017eencev, ki je enostavno za uporabo. Izbirate lahko med ro\u010dnim terminalom Android (\u010drtna koda 1D, 2D in NFC ali UHF) ali mobilnim telefonom (\u010drtna koda 1D, 2D in NFC).<\/p>\r\n<div class=\"container-inner\" style=\"text-align:center\">\r\n<img decoding=\"async\" src=\"\/wp-content\/uploads\/MOBILE-APP-2.png\" \/>\r\n<\/div>\r\n\r\n<\/div>\r\n<div class=\"container-inner\">\r\n<h4>API<\/h4>\r\n<p>Je kratica za Aplikacijski Programski Vmesnik. Gre za preplet protokolov, ki jih lahko prilagodimo individualnim potrebam posebnih dogodkov, povezovanje platforme in baze podatkov na zanesljiv in varen na\u010din. Vsak program, ki ga \u017ee uporabljate, se lahko pove\u017ee z na\u0161imi re\u0161itvami preko API-ja.<\/p>\r\n\r\n<\/div>\r\n<\/div>\r\n<\/section><section class=\"inquiry\">\r\n<div class=\"container\">\r\n<div class=\"container-inner\">\r\n<div class=\"container-inner\">\r\n<div class=\"inquiry-box\">\r\n<p style=\"text-align: center;\">Najbolj\u0161i na\u010din, da vi spoznate na\u0161e re\u0161itve in mi vas in va\u0161e potrebe je, da se dobimo na klepetu in predstavitvi preko spleta ali v \u017eivo.<\/p>\r\n<a href=\"\/sl\/ask-for-demo\/\">VPRA\u0160AJTE za demo<\/a>\r\n\r\n<\/div>\r\n<\/div>\r\n<\/div>\r\n<\/div>\r\n<\/section>","protected":false},"excerpt":{"rendered":"EventIDtrack Brezhibna registracija udele\u017eencev Brez zamud pri registraciji in kontrolnih to\u010dkah Spremljanje gibanja udele\u017eencev v realnem \u010dasu Natan\u010dno poro\u010danje in analiza dinamike gibanja udele\u017eencev Znebite se zastojev pri bele\u017eenju prehodov. Za zagotovljen in nemoten pretok udele\u017eencev lahko uporabite mobilno aplikacijo, ro\u010dne terminale ali RFID UHF stolpe. Zakaj priporo\u010damo bele\u017eenje gibanja in prisotnosti udele\u017eencev: Vpogled v [&#8230;]<p><a class=\"btn btn-secondary understrap-read-more-link\" href=\"https:\/\/idconference.eu\/sl\/eventidtrack\/\">Read More&#8230;<\/a><\/p>","protected":false},"author":3,"featured_media":0,"parent":0,"menu_order":0,"comment_status":"closed","ping_status":"closed","template":"page-templates\/empty.php","meta":{"footnotes":""},"aioseo_notices":[],"_links":{"self":[{"href":"https:\/\/idconference.eu\/sl\/wp-json\/wp\/v2\/pages\/514"}],"collection":[{"href":"https:\/\/idconference.eu\/sl\/wp-json\/wp\/v2\/pages"}],"about":[{"href":"https:\/\/idconference.eu\/sl\/wp-json\/wp\/v2\/types\/page"}],"author":[{"embeddable":true,"href":"https:\/\/idconference.eu\/sl\/wp-json\/wp\/v2\/users\/3"}],"replies":[{"embeddable":true,"href":"https:\/\/idconference.eu\/sl\/wp-json\/wp\/v2\/comments?post=514"}],"version-history":[{"count":102,"href":"https:\/\/idconference.eu\/sl\/wp-json\/wp\/v2\/pages\/514\/revisions"}],"predecessor-version":[{"id":1829,"href":"https:\/\/idconference.eu\/sl\/wp-json\/wp\/v2\/pages\/514\/revisions\/1829"}],"wp:attachment":[{"href":"https:\/\/idconference.eu\/sl\/wp-json\/wp\/v2\/media?parent=514"}],"curies":[{"name":"wp","href":"https:\/\/api.w.org\/{rel}","templated":true}]}}